{"id":63,"date":"2022-07-22T08:11:27","date_gmt":"2022-07-22T06:11:27","guid":{"rendered":"https:\/\/basurte.eu\/es\/?page_id=63"},"modified":"2022-07-23T10:38:58","modified_gmt":"2022-07-23T08:38:58","slug":"politica-de-transparencia","status":"publish","type":"page","link":"https:\/\/basurte.eu\/es\/politica-de-transparencia\/","title":{"rendered":"Pol\u00edtica de Transparencia"},"content":{"rendered":"\n<p>Pol\u00edtica de Transparencia<\/p>\n\n\n\n<ol class=\"wp-block-list\" type=\"1\"><li>Esta web es titularidad del siguiente mediador:<\/li><\/ol>\n\n\n\n<ul class=\"wp-block-list\"><li>Titular: Basurte Corredoria d\u2019Assegurances SLU<\/li><li>Domicilio social: Montnegre, 2 baixos 2a (08029) Barcelona<\/li><li>CIF: B61540126<\/li><li>Registro direcci\u00f3n General de seguros clave J-1.788<\/li><li>Tel\u00e9fono: 933220914<\/li><li>E-mail:&nbsp;basurte@basurte.eu<\/li><\/ul>\n\n\n\n<ul class=\"wp-block-list\"><li>Los criterios que utilizamos para la selecci\u00f3n y comparaci\u00f3n de los productos de las entidades aseguradoras son los siguientes:<\/li><\/ul>\n\n\n\n<p>Realizamos un an\u00e1lisis de los seguros presentes en el mercado, comparando sus coberturas y exclusiones, el conjunto de sus condiciones, as\u00ed como las primas de seguro, seleccionando aquellas que proporcionan los contratos m\u00e1s adecuados para cubrir las necesidades e intereses de nuestros clientes.<\/p>\n\n\n\n<p>A la hora de realizar ese an\u00e1lisis, valoramos los procesos internos de las entidades aseguradoras, tanto a la hora de la contrataci\u00f3n como de la gesti\u00f3n del contrato, prestando especial atenci\u00f3n a los procedimientos que tienen en marcha para la gesti\u00f3n de siniestros (valoraci\u00f3n, profesionalidad, tiempos de respuesta, liquidaciones econ\u00f3micas, \u2026).<\/p>\n\n\n\n<ul class=\"wp-block-list\"><li>La relaci\u00f3n con las entidades aseguradoras derivadas de la actividad, se rigen por pactos que acordamos libremente sin que los mismos puedan afectar a nuestra independencia como corredores. Los contratos mercantiles que firmamos con las entidades aseguradoras se denominan \u201cCartas de Condiciones\u201d.<\/li><\/ul>\n\n\n\n<p>Las entidades aseguradoras con las que trabajamos son principalmente: ADESLAS, ALLIANZ, ARAG S.E. Sucursal en Espa\u00f1a, ASEFA, ASSISTENCIA SANITARIA COL.LEGIAL, AXA SEGUROS GENERALES S.A., BERKLEY, Ca Life Insurance Experts, CATALANA OCCIDENTE, CHUBB, EUROP ASSISTANCE ESPA\u00d1A S.A., FIATC, GENERALI, HISCOX SA SUCURSAL EN ESPA\u00d1A, LIBERTY SEGUROS, Markel International, LA PREVISION MALLORQUINA, PLUS ULTRA, SANTALUCIA VIDA Y PENSIONES, CHUBB, .<\/p>\n\n\n\n<ul class=\"wp-block-list\"><li>Nuestra relaci\u00f3n con las entidades aseguradoras mencionadas es remunerada, y consiste en una comisi\u00f3n sobre la prima\/s contratada.<\/li><\/ul>\n\n\n\n<ul class=\"wp-block-list\"><li>El precio del seguro o prima que le ofrecemos al final del proceso de asesoramiento est\u00e1 garantizado por la entidad aseguradora en los t\u00e9rminos contemplados en el art. 6 de la Ley de Contratos de Seguros, por lo tanto, durante quince d\u00edas permanecer\u00e1 como proposici\u00f3n u oferta de seguro.<\/li><\/ul>\n\n\n\n<p>Nosotros, como mediadores no le garantizamos directamente la prima ofertada.<\/p>\n\n\n\n<p>6. Revisamos y actualizamos esta informaci\u00f3n con una periodicidad m\u00ednima anual.<\/p>\n","protected":false},"excerpt":{"rendered":"<p>Pol\u00edtica de Transparencia Esta web es titularidad del siguiente mediador: Titular: Basurte Corredoria d\u2019Assegurances SLU Domicilio social: Montnegre, 2 baixos 2a (08029) Barcelona CIF: B61540126 Registro direcci\u00f3n General de seguros clave J-1.788 Tel\u00e9fono: 933220914 E-mail:&nbsp;basurte@basurte.eu Los criterios que utilizamos para la selecci\u00f3n y comparaci\u00f3n de los productos de las entidades aseguradoras son los siguientes: Realizamos [&hellip;]<\/p>\n","protected":false},"author":2,"featured_media":0,"parent":0,"menu_order":0,"comment_status":"closed","ping_status":"closed","template":"","meta":{"nf_dc_page":"","_et_pb_use_builder":"off","_et_pb_old_content":"","_et_gb_content_width":"","footnotes":""},"class_list":["post-63","page","type-page","status-publish","hentry"],"yoast_head":"<!-- This site is optimized with the Yoast SEO plugin v27.5 - https:\/\/yoast.com\/product\/yoast-seo-wordpress\/ -->\n<title>Pol\u00edtica de Transparencia - Basurte Corredur\u00eda de Seguros<\/title>\n<meta name=\"robots\" content=\"index, follow, max-snippet:-1, max-image-preview:large, max-video-preview:-1\" \/>\n<link rel=\"canonical\" href=\"https:\/\/basurte.eu\/es\/politica-de-transparencia\/\" \/>\n<meta property=\"og:locale\" content=\"es_ES\" \/>\n<meta property=\"og:type\" content=\"article\" \/>\n<meta property=\"og:title\" content=\"Pol\u00edtica de Transparencia - Basurte Corredur\u00eda de Seguros\" \/>\n<meta property=\"og:description\" content=\"Pol\u00edtica de Transparencia Esta web es titularidad del siguiente mediador: Titular: Basurte Corredoria d\u2019Assegurances SLU Domicilio social: Montnegre, 2 baixos 2a (08029) Barcelona CIF: B61540126 Registro direcci\u00f3n General de seguros clave J-1.788 Tel\u00e9fono: 933220914 E-mail:&nbsp;basurte@basurte.eu Los criterios que utilizamos para la selecci\u00f3n y comparaci\u00f3n de los productos de las entidades aseguradoras son los siguientes: Realizamos [&hellip;]\" \/>\n<meta property=\"og:url\" content=\"https:\/\/basurte.eu\/es\/politica-de-transparencia\/\" \/>\n<meta property=\"og:site_name\" content=\"Basurte Corredur\u00eda de Seguros\" \/>\n<meta property=\"article:modified_time\" content=\"2022-07-23T08:38:58+00:00\" \/>\n<meta name=\"twitter:card\" content=\"summary_large_image\" \/>\n<meta name=\"twitter:label1\" content=\"Tiempo de lectura\" \/>\n\t<meta name=\"twitter:data1\" content=\"2 minutos\" \/>\n<script type=\"application\/ld+json\" class=\"yoast-schema-graph\">{\"@context\":\"https:\\\/\\\/schema.org\",\"@graph\":[{\"@type\":\"WebPage\",\"@id\":\"https:\\\/\\\/basurte.eu\\\/es\\\/politica-de-transparencia\\\/\",\"url\":\"https:\\\/\\\/basurte.eu\\\/es\\\/politica-de-transparencia\\\/\",\"name\":\"Pol\u00edtica de Transparencia - Basurte Corredur\u00eda de Seguros\",\"isPartOf\":{\"@id\":\"https:\\\/\\\/basurte.eu\\\/es\\\/#website\"},\"datePublished\":\"2022-07-22T06:11:27+00:00\",\"dateModified\":\"2022-07-23T08:38:58+00:00\",\"breadcrumb\":{\"@id\":\"https:\\\/\\\/basurte.eu\\\/es\\\/politica-de-transparencia\\\/#breadcrumb\"},\"inLanguage\":\"es\",\"potentialAction\":[{\"@type\":\"ReadAction\",\"target\":[\"https:\\\/\\\/basurte.eu\\\/es\\\/politica-de-transparencia\\\/\"]}]},{\"@type\":\"BreadcrumbList\",\"@id\":\"https:\\\/\\\/basurte.eu\\\/es\\\/politica-de-transparencia\\\/#breadcrumb\",\"itemListElement\":[{\"@type\":\"ListItem\",\"position\":1,\"name\":\"Inici\",\"item\":\"https:\\\/\\\/basurte.eu\\\/es\\\/\"},{\"@type\":\"ListItem\",\"position\":2,\"name\":\"Pol\u00edtica de Transparencia\"}]},{\"@type\":\"WebSite\",\"@id\":\"https:\\\/\\\/basurte.eu\\\/es\\\/#website\",\"url\":\"https:\\\/\\\/basurte.eu\\\/es\\\/\",\"name\":\"Basurte Corredur\u00eda de Seguros\",\"description\":\"Tu corredur\u00eda de seguros de confianza\",\"potentialAction\":[{\"@type\":\"SearchAction\",\"target\":{\"@type\":\"EntryPoint\",\"urlTemplate\":\"https:\\\/\\\/basurte.eu\\\/es\\\/?s={search_term_string}\"},\"query-input\":{\"@type\":\"PropertyValueSpecification\",\"valueRequired\":true,\"valueName\":\"search_term_string\"}}],\"inLanguage\":\"es\"}]}<\/script>\n<!-- \/ Yoast SEO plugin. -->","yoast_head_json":{"title":"Pol\u00edtica de Transparencia - Basurte Corredur\u00eda de Seguros","robots":{"index":"index","follow":"follow","max-snippet":"max-snippet:-1","max-image-preview":"max-image-preview:large","max-video-preview":"max-video-preview:-1"},"canonical":"https:\/\/basurte.eu\/es\/politica-de-transparencia\/","og_locale":"es_ES","og_type":"article","og_title":"Pol\u00edtica de Transparencia - Basurte Corredur\u00eda de Seguros","og_description":"Pol\u00edtica de Transparencia Esta web es titularidad del siguiente mediador: Titular: Basurte Corredoria d\u2019Assegurances SLU Domicilio social: Montnegre, 2 baixos 2a (08029) Barcelona CIF: B61540126 Registro direcci\u00f3n General de seguros clave J-1.788 Tel\u00e9fono: 933220914 E-mail:&nbsp;basurte@basurte.eu Los criterios que utilizamos para la selecci\u00f3n y comparaci\u00f3n de los productos de las entidades aseguradoras son los siguientes: Realizamos [&hellip;]","og_url":"https:\/\/basurte.eu\/es\/politica-de-transparencia\/","og_site_name":"Basurte Corredur\u00eda de Seguros","article_modified_time":"2022-07-23T08:38:58+00:00","twitter_card":"summary_large_image","twitter_misc":{"Tiempo de lectura":"2 minutos"},"schema":{"@context":"https:\/\/schema.org","@graph":[{"@type":"WebPage","@id":"https:\/\/basurte.eu\/es\/politica-de-transparencia\/","url":"https:\/\/basurte.eu\/es\/politica-de-transparencia\/","name":"Pol\u00edtica de Transparencia - Basurte Corredur\u00eda de Seguros","isPartOf":{"@id":"https:\/\/basurte.eu\/es\/#website"},"datePublished":"2022-07-22T06:11:27+00:00","dateModified":"2022-07-23T08:38:58+00:00","breadcrumb":{"@id":"https:\/\/basurte.eu\/es\/politica-de-transparencia\/#breadcrumb"},"inLanguage":"es","potentialAction":[{"@type":"ReadAction","target":["https:\/\/basurte.eu\/es\/politica-de-transparencia\/"]}]},{"@type":"BreadcrumbList","@id":"https:\/\/basurte.eu\/es\/politica-de-transparencia\/#breadcrumb","itemListElement":[{"@type":"ListItem","position":1,"name":"Inici","item":"https:\/\/basurte.eu\/es\/"},{"@type":"ListItem","position":2,"name":"Pol\u00edtica de Transparencia"}]},{"@type":"WebSite","@id":"https:\/\/basurte.eu\/es\/#website","url":"https:\/\/basurte.eu\/es\/","name":"Basurte Corredur\u00eda de Seguros","description":"Tu corredur\u00eda de seguros de confianza","potentialAction":[{"@type":"SearchAction","target":{"@type":"EntryPoint","urlTemplate":"https:\/\/basurte.eu\/es\/?s={search_term_string}"},"query-input":{"@type":"PropertyValueSpecification","valueRequired":true,"valueName":"search_term_string"}}],"inLanguage":"es"}]}},"_links":{"self":[{"href":"https:\/\/basurte.eu\/es\/wp-json\/wp\/v2\/pages\/63","targetHints":{"allow":["GET"]}}],"collection":[{"href":"https:\/\/basurte.eu\/es\/wp-json\/wp\/v2\/pages"}],"about":[{"href":"https:\/\/basurte.eu\/es\/wp-json\/wp\/v2\/types\/page"}],"author":[{"embeddable":true,"href":"https:\/\/basurte.eu\/es\/wp-json\/wp\/v2\/users\/2"}],"replies":[{"embeddable":true,"href":"https:\/\/basurte.eu\/es\/wp-json\/wp\/v2\/comments?post=63"}],"version-history":[{"count":2,"href":"https:\/\/basurte.eu\/es\/wp-json\/wp\/v2\/pages\/63\/revisions"}],"predecessor-version":[{"id":89,"href":"https:\/\/basurte.eu\/es\/wp-json\/wp\/v2\/pages\/63\/revisions\/89"}],"wp:attachment":[{"href":"https:\/\/basurte.eu\/es\/wp-json\/wp\/v2\/media?parent=63"}],"curies":[{"name":"wp","href":"https:\/\/api.w.org\/{rel}","templated":true}]}}