{"id":21,"date":"2022-02-16T21:29:46","date_gmt":"2022-02-16T19:29:46","guid":{"rendered":"https:\/\/basurte.eu\/es\/?page_id=21"},"modified":"2022-10-04T07:15:50","modified_gmt":"2022-10-04T05:15:50","slug":"quien-somos","status":"publish","type":"page","link":"https:\/\/basurte.eu\/es\/quien-somos\/","title":{"rendered":"QUI\u00c9N SOMOS"},"content":{"rendered":"<p>[et_pb_section fb_built=&#8221;1&#8243; _builder_version=&#8221;4.16&#8243; _module_preset=&#8221;default&#8221; background_color=&#8221;#0B5394&#8243; custom_padding=&#8221;20px|||||&#8221; global_colors_info=&#8221;{}&#8221;][et_pb_row _builder_version=&#8221;4.16&#8243; _module_preset=&#8221;default&#8221; custom_margin=&#8221;-19px|auto||auto||&#8221; hover_enabled=&#8221;0&#8243; global_colors_info=&#8221;{}&#8221; sticky_enabled=&#8221;0&#8243;][et_pb_column type=&#8221;4_4&#8243; _builder_version=&#8221;4.16&#8243; _module_preset=&#8221;default&#8221; global_colors_info=&#8221;{}&#8221;][et_pb_text _builder_version=&#8221;4.18.0&#8243; _module_preset=&#8221;default&#8221; header_font=&#8221;|700|||||||&#8221; header_text_color=&#8221;#FFFFFF&#8221; hover_enabled=&#8221;0&#8243; global_colors_info=&#8221;{}&#8221; sticky_enabled=&#8221;0&#8243;]<\/p>\n<h1>QUI\u00c9NES SOMOS<\/h1>\n<p>[\/et_pb_text][\/et_pb_column][\/et_pb_row][\/et_pb_section][et_pb_section fb_built=&#8221;1&#8243; admin_label=&#8221;section&#8221; _builder_version=&#8221;4.16&#8243; custom_margin=&#8221;-58px|||||&#8221; global_colors_info=&#8221;{}&#8221;][et_pb_row admin_label=&#8221;row&#8221; _builder_version=&#8221;4.16&#8243; background_size=&#8221;initial&#8221; background_position=&#8221;top_left&#8221; background_repeat=&#8221;repeat&#8221; global_colors_info=&#8221;{}&#8221;][et_pb_column type=&#8221;4_4&#8243; _builder_version=&#8221;4.16&#8243; custom_padding=&#8221;|||&#8221; global_colors_info=&#8221;{}&#8221; custom_padding__hover=&#8221;|||&#8221;][et_pb_text admin_label=&#8221;Text&#8221; _builder_version=&#8221;4.18.0&#8243; text_line_height=&#8221;1.6em&#8221; background_size=&#8221;initial&#8221; background_position=&#8221;top_left&#8221; background_repeat=&#8221;repeat&#8221; global_colors_info=&#8221;{}&#8221;]<\/p>\n<p>En Basurte Corredur\u00eda de Seguros tenemos 50 a\u00f1os de experiencia asesor\u00e1ndote sobre los mejores productos del mercado de forma independiente.<\/p>\n<p>[\/et_pb_text][et_pb_text quote_border_color=&#8221;#F3B61F&#8221; _builder_version=&#8221;4.16&#8243; _module_preset=&#8221;default&#8221; quote_text_color=&#8221;#000000&#8243; global_colors_info=&#8221;{}&#8221;]<\/p>\n<blockquote>\n<p>Hablamos con confianza. Te ofrecemos seguridad.\u00a0<\/p>\n<\/blockquote>\n<p>[\/et_pb_text][et_pb_image src=&#8221;https:\/\/basurte.eu\/es\/wp-content\/uploads\/sites\/3\/2022\/02\/Basurte-web4-1-scaled-1.jpg&#8221; alt=&#8221;Basurte Qui Som&#8221; title_text=&#8221;Basurte-web4&#8243; _builder_version=&#8221;4.16&#8243; _module_preset=&#8221;default&#8221; width=&#8221;85%&#8221; module_alignment=&#8221;center&#8221; global_colors_info=&#8221;{}&#8221;][\/et_pb_image][et_pb_text _builder_version=&#8221;4.16&#8243; _module_preset=&#8221;default&#8221; header_font=&#8221;|600|||||||&#8221; header_3_font=&#8221;|600|||||||&#8221; global_colors_info=&#8221;{}&#8221;]<\/p>\n<h3>Qui\u00e9nes Somos<\/h3>\n<p>[\/et_pb_text][et_pb_text _builder_version=&#8221;4.16&#8243; _module_preset=&#8221;default&#8221; global_colors_info=&#8221;{}&#8221;]<\/p>\n<p>Somos una corredur\u00eda de seguros enfocada a los intereses de peque\u00f1as y grandes empresas y particulares.<\/p>\n<p>Como corredores, actuamos de forma independiente en favor de nuestros clientes, disponiendo de todos los productos del mercado y ofreci\u00e9ndote lo que m\u00e1s se adecua a tus necesidades.<\/p>\n<p>Nuestro objetivo es el asesoramiento y defensa de los intereses de nuestros clientes, la calidad del servicio personal y profesional de forma continua.<\/p>\n<p>Analizamos la situaci\u00f3n empresarial, personal, familiar y patrimonial para ayudarte a identificar tus necesidades. Buscamos en el mercado asegurador las mejores soluciones.<\/p>\n<p>Mantenemos en el tiempo las coberturas de riesgos y las adaptamos a las nuevas situaciones que vayamos siguiendo conjuntamente con el cliente.<\/p>\n<p>[\/et_pb_text][\/et_pb_column][\/et_pb_row][\/et_pb_section]<\/p>\n","protected":false},"excerpt":{"rendered":"<p>QUI\u00c9NES SOMOSEn Basurte Corredur\u00eda de Seguros tenemos 50 a\u00f1os de experiencia asesor\u00e1ndote sobre los mejores productos del mercado de forma independiente. Hablamos con confianza. Te ofrecemos seguridad.\u00a0 Qui\u00e9nes SomosSomos una corredur\u00eda de seguros enfocada a los intereses de peque\u00f1as y grandes empresas y particulares. Como corredores, actuamos de forma independiente en favor de nuestros clientes, [&hellip;]<\/p>\n","protected":false},"author":2,"featured_media":0,"parent":0,"menu_order":0,"comment_status":"closed","ping_status":"closed","template":"","meta":{"nf_dc_page":"","_et_pb_use_builder":"on","_et_pb_old_content":"","_et_gb_content_width":"","footnotes":""},"class_list":["post-21","page","type-page","status-publish","hentry"],"yoast_head":"<!-- This site is optimized with the Yoast SEO plugin v27.5 - https:\/\/yoast.com\/product\/yoast-seo-wordpress\/ -->\n<title>QUI\u00c9N SOMOS - Basurte Corredur\u00eda de Seguros<\/title>\n<meta name=\"robots\" content=\"index, follow, max-snippet:-1, max-image-preview:large, max-video-preview:-1\" \/>\n<link rel=\"canonical\" href=\"https:\/\/basurte.eu\/es\/quien-somos\/\" \/>\n<meta property=\"og:locale\" content=\"es_ES\" \/>\n<meta property=\"og:type\" content=\"article\" \/>\n<meta property=\"og:title\" content=\"QUI\u00c9N SOMOS - Basurte Corredur\u00eda de Seguros\" \/>\n<meta property=\"og:description\" content=\"QUI\u00c9NES SOMOSEn Basurte Corredur\u00eda de Seguros tenemos 50 a\u00f1os de experiencia asesor\u00e1ndote sobre los mejores productos del mercado de forma independiente. Hablamos con confianza. Te ofrecemos seguridad.\u00a0 Qui\u00e9nes SomosSomos una corredur\u00eda de seguros enfocada a los intereses de peque\u00f1as y grandes empresas y particulares. Como corredores, actuamos de forma independiente en favor de nuestros clientes, [&hellip;]\" \/>\n<meta property=\"og:url\" content=\"https:\/\/basurte.eu\/es\/quien-somos\/\" \/>\n<meta property=\"og:site_name\" content=\"Basurte Corredur\u00eda de Seguros\" \/>\n<meta property=\"article:modified_time\" content=\"2022-10-04T05:15:50+00:00\" \/>\n<meta name=\"twitter:card\" content=\"summary_large_image\" \/>\n<meta name=\"twitter:label1\" content=\"Tiempo de lectura\" \/>\n\t<meta name=\"twitter:data1\" content=\"2 minutos\" \/>\n<script type=\"application\/ld+json\" class=\"yoast-schema-graph\">{\"@context\":\"https:\\\/\\\/schema.org\",\"@graph\":[{\"@type\":\"WebPage\",\"@id\":\"https:\\\/\\\/basurte.eu\\\/es\\\/quien-somos\\\/\",\"url\":\"https:\\\/\\\/basurte.eu\\\/es\\\/quien-somos\\\/\",\"name\":\"QUI\u00c9N SOMOS - Basurte Corredur\u00eda de Seguros\",\"isPartOf\":{\"@id\":\"https:\\\/\\\/basurte.eu\\\/es\\\/#website\"},\"datePublished\":\"2022-02-16T19:29:46+00:00\",\"dateModified\":\"2022-10-04T05:15:50+00:00\",\"breadcrumb\":{\"@id\":\"https:\\\/\\\/basurte.eu\\\/es\\\/quien-somos\\\/#breadcrumb\"},\"inLanguage\":\"es\",\"potentialAction\":[{\"@type\":\"ReadAction\",\"target\":[\"https:\\\/\\\/basurte.eu\\\/es\\\/quien-somos\\\/\"]}]},{\"@type\":\"BreadcrumbList\",\"@id\":\"https:\\\/\\\/basurte.eu\\\/es\\\/quien-somos\\\/#breadcrumb\",\"itemListElement\":[{\"@type\":\"ListItem\",\"position\":1,\"name\":\"Inici\",\"item\":\"https:\\\/\\\/basurte.eu\\\/es\\\/\"},{\"@type\":\"ListItem\",\"position\":2,\"name\":\"QUI\u00c9N SOMOS\"}]},{\"@type\":\"WebSite\",\"@id\":\"https:\\\/\\\/basurte.eu\\\/es\\\/#website\",\"url\":\"https:\\\/\\\/basurte.eu\\\/es\\\/\",\"name\":\"Basurte Corredur\u00eda de Seguros\",\"description\":\"Tu corredur\u00eda de seguros de confianza\",\"potentialAction\":[{\"@type\":\"SearchAction\",\"target\":{\"@type\":\"EntryPoint\",\"urlTemplate\":\"https:\\\/\\\/basurte.eu\\\/es\\\/?s={search_term_string}\"},\"query-input\":{\"@type\":\"PropertyValueSpecification\",\"valueRequired\":true,\"valueName\":\"search_term_string\"}}],\"inLanguage\":\"es\"}]}<\/script>\n<!-- \/ Yoast SEO plugin. -->","yoast_head_json":{"title":"QUI\u00c9N SOMOS - Basurte Corredur\u00eda de Seguros","robots":{"index":"index","follow":"follow","max-snippet":"max-snippet:-1","max-image-preview":"max-image-preview:large","max-video-preview":"max-video-preview:-1"},"canonical":"https:\/\/basurte.eu\/es\/quien-somos\/","og_locale":"es_ES","og_type":"article","og_title":"QUI\u00c9N SOMOS - Basurte Corredur\u00eda de Seguros","og_description":"QUI\u00c9NES SOMOSEn Basurte Corredur\u00eda de Seguros tenemos 50 a\u00f1os de experiencia asesor\u00e1ndote sobre los mejores productos del mercado de forma independiente. Hablamos con confianza. Te ofrecemos seguridad.\u00a0 Qui\u00e9nes SomosSomos una corredur\u00eda de seguros enfocada a los intereses de peque\u00f1as y grandes empresas y particulares. Como corredores, actuamos de forma independiente en favor de nuestros clientes, [&hellip;]","og_url":"https:\/\/basurte.eu\/es\/quien-somos\/","og_site_name":"Basurte Corredur\u00eda de Seguros","article_modified_time":"2022-10-04T05:15:50+00:00","twitter_card":"summary_large_image","twitter_misc":{"Tiempo de lectura":"2 minutos"},"schema":{"@context":"https:\/\/schema.org","@graph":[{"@type":"WebPage","@id":"https:\/\/basurte.eu\/es\/quien-somos\/","url":"https:\/\/basurte.eu\/es\/quien-somos\/","name":"QUI\u00c9N SOMOS - Basurte Corredur\u00eda de Seguros","isPartOf":{"@id":"https:\/\/basurte.eu\/es\/#website"},"datePublished":"2022-02-16T19:29:46+00:00","dateModified":"2022-10-04T05:15:50+00:00","breadcrumb":{"@id":"https:\/\/basurte.eu\/es\/quien-somos\/#breadcrumb"},"inLanguage":"es","potentialAction":[{"@type":"ReadAction","target":["https:\/\/basurte.eu\/es\/quien-somos\/"]}]},{"@type":"BreadcrumbList","@id":"https:\/\/basurte.eu\/es\/quien-somos\/#breadcrumb","itemListElement":[{"@type":"ListItem","position":1,"name":"Inici","item":"https:\/\/basurte.eu\/es\/"},{"@type":"ListItem","position":2,"name":"QUI\u00c9N SOMOS"}]},{"@type":"WebSite","@id":"https:\/\/basurte.eu\/es\/#website","url":"https:\/\/basurte.eu\/es\/","name":"Basurte Corredur\u00eda de Seguros","description":"Tu corredur\u00eda de seguros de confianza","potentialAction":[{"@type":"SearchAction","target":{"@type":"EntryPoint","urlTemplate":"https:\/\/basurte.eu\/es\/?s={search_term_string}"},"query-input":{"@type":"PropertyValueSpecification","valueRequired":true,"valueName":"search_term_string"}}],"inLanguage":"es"}]}},"_links":{"self":[{"href":"https:\/\/basurte.eu\/es\/wp-json\/wp\/v2\/pages\/21","targetHints":{"allow":["GET"]}}],"collection":[{"href":"https:\/\/basurte.eu\/es\/wp-json\/wp\/v2\/pages"}],"about":[{"href":"https:\/\/basurte.eu\/es\/wp-json\/wp\/v2\/types\/page"}],"author":[{"embeddable":true,"href":"https:\/\/basurte.eu\/es\/wp-json\/wp\/v2\/users\/2"}],"replies":[{"embeddable":true,"href":"https:\/\/basurte.eu\/es\/wp-json\/wp\/v2\/comments?post=21"}],"version-history":[{"count":5,"href":"https:\/\/basurte.eu\/es\/wp-json\/wp\/v2\/pages\/21\/revisions"}],"predecessor-version":[{"id":106,"href":"https:\/\/basurte.eu\/es\/wp-json\/wp\/v2\/pages\/21\/revisions\/106"}],"wp:attachment":[{"href":"https:\/\/basurte.eu\/es\/wp-json\/wp\/v2\/media?parent=21"}],"curies":[{"name":"wp","href":"https:\/\/api.w.org\/{rel}","templated":true}]}}